{"id":192,"date":"2025-10-01T22:23:21","date_gmt":"2025-10-01T22:23:21","guid":{"rendered":"http:\/\/optima-scripta.local\/?page_id=192"},"modified":"2025-11-14T19:46:38","modified_gmt":"2025-11-14T19:46:38","slug":"portfolio-editor-and-curator","status":"publish","type":"page","link":"https:\/\/optimascripta.com.br\/index.php\/professional-language-services\/portfolio-editor-and-curator\/","title":{"rendered":"(EN) Portfolio &#8211; Editor and Curator"},"content":{"rendered":"\n<p>Here you&#8217;ll find my past works as editor and curator, divided into categories. To return to the main page, please click &#8220;Home&#8221; in the header.<\/p>\n\n\n\n<h1 class=\"wp-block-heading\">Portfolio &#8211; Editor and Curator<\/h1>\n\n\n\n<hr class=\"wp-block-separator has-alpha-channel-opacity\"\/>\n\n\n\n<h2 class=\"wp-block-heading\"><a href=\"https:\/\/loja.uiclap.com\/titulo\/ua122496\/\" target=\"_blank\" rel=\"noreferrer noopener\">Hist\u00f3rias Extraordin\u00e1rias<\/a> (Magazine)<\/h2>\n\n\n\n<div class=\"wp-block-group has-global-padding is-layout-constrained wp-block-group-is-layout-constrained\">\n<div class=\"wp-block-columns is-layout-flex wp-container-core-columns-is-layout-28f84493 wp-block-columns-is-layout-flex\">\n<div class=\"wp-block-column is-layout-flow wp-block-column-is-layout-flow\" style=\"flex-basis:200px\">\n<figure class=\"wp-block-image aligncenter size-full is-resized has-custom-border\"><a href=\"https:\/\/loja.uiclap.com\/titulo\/ua122496\/\" target=\"_blank\" rel=\" noreferrer noopener\"><img loading=\"lazy\" decoding=\"async\" width=\"624\" height=\"822\" src=\"https:\/\/optimascripta.com.br\/wp-content\/uploads\/2025\/11\/HE10_capa_72dpi.png\" alt=\"\" class=\"wp-image-559\" style=\"border-style:none;border-width:0px;width:161px;height:auto\" srcset=\"https:\/\/optimascripta.com.br\/wp-content\/uploads\/2025\/11\/HE10_capa_72dpi.png 624w, https:\/\/optimascripta.com.br\/wp-content\/uploads\/2025\/11\/HE10_capa_72dpi-228x300.png 228w\" sizes=\"auto, (max-width: 624px) 100vw, 624px\" \/><\/a><\/figure>\n<\/div>\n\n\n\n<div class=\"wp-block-column is-layout-flow wp-block-column-is-layout-flow\">\n<ul class=\"wp-block-list\">\n<li>Co-editor since issue #3 (Aug\/2021)\n<ul class=\"wp-block-list\">\n<li>Selection of material, Interviews, and proofreading<\/li>\n<\/ul>\n<\/li>\n\n\n\n<li>Full editor since issue #10 (Oct\/2025)\n<ul class=\"wp-block-list\">\n<li>Selection of material, proofreading, editing and publishing<\/li>\n<\/ul>\n<\/li>\n<\/ul>\n<\/div>\n<\/div>\n\n\n\n<p><strong>Hist\u00f3rias Extraordin\u00e1rias<\/strong> is a magazine that resurrects the spirit of the Golden Age of Pulp Magazines (1940s\u20131960s), delivering a potent dose of vintage thrills and cosmic dread. It contains never before seen short stories spanning three of the most gripping genres: Science Fiction, Supernatural and Cosmic Horror, besides interviews, Science Articles and Curated Recommendations.<\/p>\n\n\n\n<div class=\"wp-block-columns are-vertically-aligned-center is-layout-flex wp-container-core-columns-is-layout-e5e61006 wp-block-columns-is-layout-flex\" style=\"padding-top:var(--wp--preset--spacing--20);padding-right:0;padding-bottom:var(--wp--preset--spacing--20);padding-left:0\">\n<div class=\"wp-block-column is-vertically-aligned-center is-layout-flow wp-block-column-is-layout-flow\">\n<figure class=\"wp-block-image aligncenter size-full is-resized\"><img loading=\"lazy\" decoding=\"async\" width=\"500\" height=\"306\" src=\"https:\/\/optimascripta.com.br\/wp-content\/uploads\/2025\/10\/HE1-3.png\" alt=\"\" class=\"wp-image-435\" style=\"width:200px\" srcset=\"https:\/\/optimascripta.com.br\/wp-content\/uploads\/2025\/10\/HE1-3.png 500w, https:\/\/optimascripta.com.br\/wp-content\/uploads\/2025\/10\/HE1-3-300x184.png 300w\" sizes=\"auto, (max-width: 500px) 100vw, 500px\" \/><\/figure>\n<\/div>\n\n\n\n<div class=\"wp-block-column is-vertically-aligned-center is-layout-flow wp-block-column-is-layout-flow\">\n<figure class=\"wp-block-image aligncenter size-full is-resized\"><img loading=\"lazy\" decoding=\"async\" width=\"500\" height=\"306\" src=\"https:\/\/optimascripta.com.br\/wp-content\/uploads\/2025\/10\/HE4-6.png\" alt=\"\" class=\"wp-image-436\" style=\"width:200px\" srcset=\"https:\/\/optimascripta.com.br\/wp-content\/uploads\/2025\/10\/HE4-6.png 500w, https:\/\/optimascripta.com.br\/wp-content\/uploads\/2025\/10\/HE4-6-300x184.png 300w\" sizes=\"auto, (max-width: 500px) 100vw, 500px\" \/><\/figure>\n<\/div>\n\n\n\n<div class=\"wp-block-column is-vertically-aligned-center is-layout-flow wp-block-column-is-layout-flow\">\n<figure class=\"wp-block-image aligncenter size-full is-resized\"><img loading=\"lazy\" decoding=\"async\" width=\"500\" height=\"307\" src=\"https:\/\/optimascripta.com.br\/wp-content\/uploads\/2025\/10\/HE7-9.png\" alt=\"\" class=\"wp-image-437\" style=\"width:200px\" srcset=\"https:\/\/optimascripta.com.br\/wp-content\/uploads\/2025\/10\/HE7-9.png 500w, https:\/\/optimascripta.com.br\/wp-content\/uploads\/2025\/10\/HE7-9-300x184.png 300w\" sizes=\"auto, (max-width: 500px) 100vw, 500px\" \/><\/figure>\n<\/div>\n<\/div>\n<\/div>\n\n\n\n<hr class=\"wp-block-separator has-alpha-channel-opacity\"\/>\n\n\n\n<h2 class=\"wp-block-heading\"><a href=\"https:\/\/loja.uiclap.com\/titulo\/ua93089\/\" target=\"_blank\" rel=\"noreferrer noopener\">Fronteiras Siderais<\/a> (<em>&#8220;Sideral Frontiers&#8221;<\/em>) &#8211; Anthology<br>Editora Mundo, 2025<\/h2>\n\n\n\n<div class=\"wp-block-group has-global-padding is-layout-constrained wp-block-group-is-layout-constrained\">\n<div class=\"wp-block-columns is-layout-flex wp-container-core-columns-is-layout-28f84493 wp-block-columns-is-layout-flex\">\n<div class=\"wp-block-column is-layout-flow wp-block-column-is-layout-flow\" style=\"flex-basis:200px\">\n<figure class=\"wp-block-image aligncenter size-full is-resized has-custom-border\"><a href=\"https:\/\/loja.uiclap.com\/titulo\/ua93089\/\" target=\"_blank\" rel=\" noreferrer noopener\"><img loading=\"lazy\" decoding=\"async\" width=\"535\" height=\"798\" src=\"https:\/\/optimascripta.com.br\/wp-content\/uploads\/2025\/10\/Fronteiras-Siderais.png\" alt=\"\" class=\"has-border-color has-contrast-border-color wp-image-432\" style=\"border-width:1px;width:160px\" srcset=\"https:\/\/optimascripta.com.br\/wp-content\/uploads\/2025\/10\/Fronteiras-Siderais.png 535w, https:\/\/optimascripta.com.br\/wp-content\/uploads\/2025\/10\/Fronteiras-Siderais-201x300.png 201w\" sizes=\"auto, (max-width: 535px) 100vw, 535px\" \/><\/a><\/figure>\n<\/div>\n\n\n\n<div class=\"wp-block-column is-layout-flow wp-block-column-is-layout-flow\">\n<ul class=\"wp-block-list\">\n<li>As co-editor, I performed the following roles:\n<ul class=\"wp-block-list\">\n<li>Selection of material<\/li>\n\n\n\n<li>Proofreading<\/li>\n\n\n\n<li>Editing \/ Illustrations generation<\/li>\n\n\n\n<li>Publishing<\/li>\n<\/ul>\n<\/li>\n<\/ul>\n<\/div>\n<\/div>\n\n\n\n<p><bdo lang=\"en\" dir=\"ltr\"><strong>Fronteiras Siderais<\/strong> is a powerful Space Opera anthology featuring 10 epic short stories. Selected from over 50 competitive submissions, this volume showcases the best of Brazilian science fiction, featuring work from award-winning, well-known authors alongside brilliant debuting voices. This collection of interstellar adventures spans 348 pages of thrilling space action.<\/bdo><\/p>\n<\/div>\n\n\n\n<hr class=\"wp-block-separator has-alpha-channel-opacity\"\/>\n\n\n\n<h2 class=\"wp-block-heading\"><a href=\"https:\/\/loja.uiclap.com\/titulo\/ua109143\/\" target=\"_blank\" rel=\"noreferrer noopener\">Sussurros C\u00f3smicos<\/a> (<em>&#8220;Cosmic Whispers&#8221;<\/em>) &#8211; Anthology<br>Editora Mundo, 2025<\/h2>\n\n\n\n<div class=\"wp-block-group has-global-padding is-layout-constrained wp-block-group-is-layout-constrained\">\n<div class=\"wp-block-columns is-layout-flex wp-container-core-columns-is-layout-28f84493 wp-block-columns-is-layout-flex\">\n<div class=\"wp-block-column is-layout-flow wp-block-column-is-layout-flow\" style=\"flex-basis:200px\">\n<figure class=\"wp-block-image aligncenter size-full is-resized has-custom-border\"><a href=\"https:\/\/loja.uiclap.com\/titulo\/ua109143\/\" target=\"_blank\" rel=\" noreferrer noopener\"><img loading=\"lazy\" decoding=\"async\" width=\"521\" height=\"798\" src=\"https:\/\/optimascripta.com.br\/wp-content\/uploads\/2025\/10\/Sussurros-Cosmicos.png\" alt=\"\" class=\"has-border-color has-contrast-border-color wp-image-431\" style=\"border-width:1px;width:160px\" srcset=\"https:\/\/optimascripta.com.br\/wp-content\/uploads\/2025\/10\/Sussurros-Cosmicos.png 521w, https:\/\/optimascripta.com.br\/wp-content\/uploads\/2025\/10\/Sussurros-Cosmicos-196x300.png 196w\" sizes=\"auto, (max-width: 521px) 100vw, 521px\" \/><\/a><\/figure>\n<\/div>\n\n\n\n<div class=\"wp-block-column is-layout-flow wp-block-column-is-layout-flow\">\n<ul class=\"wp-block-list\">\n<li>As co-editor, I performed the following roles:\n<ul class=\"wp-block-list\">\n<li>Selection of material<\/li>\n\n\n\n<li>Proofreading<\/li>\n\n\n\n<li>Editing \/ Illustrations generation<\/li>\n\n\n\n<li>Publishing<\/li>\n<\/ul>\n<\/li>\n<\/ul>\n<\/div>\n<\/div>\n\n\n\n<p><bdo lang=\"en\" dir=\"ltr\"><strong>Sussurros C\u00f3smicos<\/strong> is a chilling Cosmic Horror anthology featuring 10 unsettling short stories, selected from a competitive pool of over 60 submissions. This compilation delves into the true meaning of existential dread, showcasing the best of Brazilian horror fiction. It features work from award-winning, well-known authors and very promising new voices. This collection of mind-bending terrors spans 210 pages of absolute cosmic dread.<\/bdo><\/p>\n<\/div>\n\n\n\n<hr class=\"wp-block-separator has-alpha-channel-opacity\"\/>\n\n\n\n<h2 class=\"wp-block-heading\">English Proofreading &#8211; <a href=\"https:\/\/www.clubemsx.com.br\/\" target=\"_blank\" rel=\"noreferrer noopener\">Clube MSX Magazine<\/a><\/h2>\n\n\n\n<div class=\"wp-block-group has-global-padding is-layout-constrained wp-block-group-is-layout-constrained\">\n<div class=\"wp-block-columns is-layout-flex wp-container-core-columns-is-layout-28f84493 wp-block-columns-is-layout-flex\">\n<div class=\"wp-block-column is-layout-flow wp-block-column-is-layout-flow\" style=\"flex-basis:200px\">\n<figure class=\"wp-block-gallery has-nested-images columns-default is-cropped wp-block-gallery-1 is-layout-flex wp-block-gallery-is-layout-flex\">\n<figure class=\"wp-block-image size-large\"><a href=\"https:\/\/www.clubemsx.com.br\/product\/revista-clube-msx-14-en\/\" target=\"_blank\" rel=\" noreferrer noopener\"><img loading=\"lazy\" decoding=\"async\" width=\"764\" height=\"1024\" data-id=\"560\" src=\"https:\/\/optimascripta.com.br\/wp-content\/uploads\/2025\/11\/CM14-764x1024.png\" alt=\"\" class=\"wp-image-560\" srcset=\"https:\/\/optimascripta.com.br\/wp-content\/uploads\/2025\/11\/CM14-764x1024.png 764w, https:\/\/optimascripta.com.br\/wp-content\/uploads\/2025\/11\/CM14-224x300.png 224w, https:\/\/optimascripta.com.br\/wp-content\/uploads\/2025\/11\/CM14-768x1030.png 768w, https:\/\/optimascripta.com.br\/wp-content\/uploads\/2025\/11\/CM14.png 775w\" sizes=\"auto, (max-width: 764px) 100vw, 764px\" \/><\/a><\/figure>\n\n\n\n<figure class=\"wp-block-image size-large\"><a href=\"https:\/\/www.clubemsx.com.br\/product\/revista-clube-msx-15-en\/\" target=\"_blank\" rel=\" noreferrer noopener\"><img loading=\"lazy\" decoding=\"async\" width=\"764\" height=\"1024\" data-id=\"561\" src=\"https:\/\/optimascripta.com.br\/wp-content\/uploads\/2025\/11\/CM15-764x1024.png\" alt=\"\" class=\"wp-image-561\" srcset=\"https:\/\/optimascripta.com.br\/wp-content\/uploads\/2025\/11\/CM15-764x1024.png 764w, https:\/\/optimascripta.com.br\/wp-content\/uploads\/2025\/11\/CM15-224x300.png 224w, https:\/\/optimascripta.com.br\/wp-content\/uploads\/2025\/11\/CM15-768x1030.png 768w, https:\/\/optimascripta.com.br\/wp-content\/uploads\/2025\/11\/CM15.png 775w\" sizes=\"auto, (max-width: 764px) 100vw, 764px\" \/><\/a><\/figure>\n\n\n\n<figure class=\"wp-block-image size-large\"><a href=\"https:\/\/www.clubemsx.com.br\/product\/revista-clube-msx-16-en\/\" target=\"_blank\" rel=\" noreferrer noopener\"><img loading=\"lazy\" decoding=\"async\" width=\"764\" height=\"1024\" data-id=\"562\" src=\"https:\/\/optimascripta.com.br\/wp-content\/uploads\/2025\/11\/CM16-764x1024.png\" alt=\"\" class=\"wp-image-562\" srcset=\"https:\/\/optimascripta.com.br\/wp-content\/uploads\/2025\/11\/CM16-764x1024.png 764w, https:\/\/optimascripta.com.br\/wp-content\/uploads\/2025\/11\/CM16-224x300.png 224w, https:\/\/optimascripta.com.br\/wp-content\/uploads\/2025\/11\/CM16-768x1030.png 768w, https:\/\/optimascripta.com.br\/wp-content\/uploads\/2025\/11\/CM16.png 775w\" sizes=\"auto, (max-width: 764px) 100vw, 764px\" \/><\/a><\/figure>\n\n\n\n<figure class=\"wp-block-image size-large\"><a href=\"https:\/\/www.clubemsx.com.br\/product\/revista-clube-msx-17-ingles\/\" target=\"_blank\" rel=\" noreferrer noopener\"><img loading=\"lazy\" decoding=\"async\" width=\"764\" height=\"1024\" data-id=\"563\" src=\"https:\/\/optimascripta.com.br\/wp-content\/uploads\/2025\/11\/CM17-764x1024.png\" alt=\"\" class=\"wp-image-563\" srcset=\"https:\/\/optimascripta.com.br\/wp-content\/uploads\/2025\/11\/CM17-764x1024.png 764w, https:\/\/optimascripta.com.br\/wp-content\/uploads\/2025\/11\/CM17-224x300.png 224w, https:\/\/optimascripta.com.br\/wp-content\/uploads\/2025\/11\/CM17-768x1030.png 768w, https:\/\/optimascripta.com.br\/wp-content\/uploads\/2025\/11\/CM17.png 775w\" sizes=\"auto, (max-width: 764px) 100vw, 764px\" \/><\/a><\/figure>\n\n\n\n<figure class=\"wp-block-image size-large\"><a href=\"https:\/\/www.clubemsx.com.br\/product\/revista-clube-msx-no-18-ingles\/\" target=\"_blank\" rel=\" noreferrer noopener\"><img loading=\"lazy\" decoding=\"async\" width=\"764\" height=\"1024\" data-id=\"564\" src=\"https:\/\/optimascripta.com.br\/wp-content\/uploads\/2025\/11\/CM18-764x1024.png\" alt=\"\" class=\"wp-image-564\" srcset=\"https:\/\/optimascripta.com.br\/wp-content\/uploads\/2025\/11\/CM18-764x1024.png 764w, https:\/\/optimascripta.com.br\/wp-content\/uploads\/2025\/11\/CM18-224x300.png 224w, https:\/\/optimascripta.com.br\/wp-content\/uploads\/2025\/11\/CM18-768x1030.png 768w, https:\/\/optimascripta.com.br\/wp-content\/uploads\/2025\/11\/CM18.png 775w\" sizes=\"auto, (max-width: 764px) 100vw, 764px\" \/><\/a><\/figure>\n<\/figure>\n<\/div>\n\n\n\n<div class=\"wp-block-column is-layout-flow wp-block-column-is-layout-flow\">\n<p>I have been performing the proofreading of the entire edition of &#8220;Clube MSX Magazine&#8221; since issue #14 (Sep\/Dec 2021)<\/p>\n\n\n\n<p><strong>Clube MSX<\/strong> is a Brazilian print magazine dedicated to the MSX microcomputer standard. Aimed at collectors and platform enthusiasts, the magazine covers items from the original era, but primarily focuses on current releases, maintaining a well-balanced editorial line between the new and the nostalgic.<\/p>\n<\/div>\n<\/div>\n<\/div>\n\n\n\n<div style=\"height:100px\" aria-hidden=\"true\" class=\"wp-block-spacer\"><\/div>\n","protected":false},"excerpt":{"rendered":"<p>Here you&#8217;ll find my past works as editor and curator, divided into categories. To return to the main page, please click &#8220;Home&#8221; in the header. Portfolio &#8211; Editor and Curator Hist\u00f3rias Extraordin\u00e1rias (Magazine) Hist\u00f3rias Extraordin\u00e1rias is a magazine that resurrects the spirit of the Golden Age of Pulp Magazines (1940s\u20131960s), delivering a potent dose of [&hellip;]<\/p>\n","protected":false},"author":1,"featured_media":0,"parent":28,"menu_order":0,"comment_status":"closed","ping_status":"closed","template":"wp-custom-template-en-pages","meta":{"footnotes":""},"class_list":["post-192","page","type-page","status-publish","hentry"],"yoast_head":"<!-- This site is optimized with the Yoast SEO plugin v26.6 - https:\/\/yoast.com\/wordpress\/plugins\/seo\/ -->\n<title>(EN) Portfolio - Editor and Curator - Optima Scripta<\/title>\n<meta name=\"robots\" content=\"index, follow, max-snippet:-1, max-image-preview:large, max-video-preview:-1\" \/>\n<link rel=\"canonical\" href=\"https:\/\/optimascripta.com.br\/index.php\/portfolio-editor-and-curator\/\" \/>\n<meta property=\"og:locale\" content=\"en_US\" \/>\n<meta property=\"og:type\" content=\"article\" \/>\n<meta property=\"og:title\" content=\"(EN) Portfolio - Editor and Curator - Optima Scripta\" \/>\n<meta property=\"og:description\" content=\"Here you&#8217;ll find my past works as editor and curator, divided into categories. To return to the main page, please click &#8220;Home&#8221; in the header. Portfolio &#8211; Editor and Curator Hist\u00f3rias Extraordin\u00e1rias (Magazine) Hist\u00f3rias Extraordin\u00e1rias is a magazine that resurrects the spirit of the Golden Age of Pulp Magazines (1940s\u20131960s), delivering a potent dose of [&hellip;]\" \/>\n<meta property=\"og:url\" content=\"https:\/\/optimascripta.com.br\/index.php\/portfolio-editor-and-curator\/\" \/>\n<meta property=\"og:site_name\" content=\"Optima Scripta\" \/>\n<meta property=\"article:modified_time\" content=\"2025-11-14T19:46:38+00:00\" \/>\n<meta name=\"twitter:card\" content=\"summary_large_image\" \/>\n<meta name=\"twitter:label1\" content=\"Est. reading time\" \/>\n\t<meta name=\"twitter:data1\" content=\"1 minute\" \/>\n<script type=\"application\/ld+json\" class=\"yoast-schema-graph\">{\"@context\":\"https:\/\/schema.org\",\"@graph\":[{\"@type\":\"WebPage\",\"@id\":\"https:\/\/optimascripta.com.br\/index.php\/portfolio-editor-and-curator\/\",\"url\":\"https:\/\/optimascripta.com.br\/index.php\/portfolio-editor-and-curator\/\",\"name\":\"(EN) Portfolio - Editor and Curator - Optima Scripta\",\"isPartOf\":{\"@id\":\"https:\/\/optimascripta.com.br\/#website\"},\"primaryImageOfPage\":{\"@id\":\"https:\/\/optimascripta.com.br\/index.php\/portfolio-editor-and-curator\/#primaryimage\"},\"image\":{\"@id\":\"https:\/\/optimascripta.com.br\/index.php\/portfolio-editor-and-curator\/#primaryimage\"},\"thumbnailUrl\":\"https:\/\/optimascripta.com.br\/wp-content\/uploads\/2025\/11\/HE10_capa_72dpi.png\",\"datePublished\":\"2025-10-01T22:23:21+00:00\",\"dateModified\":\"2025-11-14T19:46:38+00:00\",\"breadcrumb\":{\"@id\":\"https:\/\/optimascripta.com.br\/index.php\/portfolio-editor-and-curator\/#breadcrumb\"},\"inLanguage\":\"en-US\",\"potentialAction\":[{\"@type\":\"ReadAction\",\"target\":[\"https:\/\/optimascripta.com.br\/index.php\/portfolio-editor-and-curator\/\"]}]},{\"@type\":\"ImageObject\",\"inLanguage\":\"en-US\",\"@id\":\"https:\/\/optimascripta.com.br\/index.php\/portfolio-editor-and-curator\/#primaryimage\",\"url\":\"https:\/\/optimascripta.com.br\/wp-content\/uploads\/2025\/11\/HE10_capa_72dpi.png\",\"contentUrl\":\"https:\/\/optimascripta.com.br\/wp-content\/uploads\/2025\/11\/HE10_capa_72dpi.png\",\"width\":624,\"height\":822},{\"@type\":\"BreadcrumbList\",\"@id\":\"https:\/\/optimascripta.com.br\/index.php\/portfolio-editor-and-curator\/#breadcrumb\",\"itemListElement\":[{\"@type\":\"ListItem\",\"position\":1,\"name\":\"Home\",\"item\":\"https:\/\/optimascripta.com.br\/\"},{\"@type\":\"ListItem\",\"position\":2,\"name\":\"Portfolio &#8211; Editor and Curator\"}]},{\"@type\":\"WebSite\",\"@id\":\"https:\/\/optimascripta.com.br\/#website\",\"url\":\"https:\/\/optimascripta.com.br\/\",\"name\":\"Optima Scripta\",\"description\":\"\",\"publisher\":{\"@id\":\"https:\/\/optimascripta.com.br\/#organization\"},\"potentialAction\":[{\"@type\":\"SearchAction\",\"target\":{\"@type\":\"EntryPoint\",\"urlTemplate\":\"https:\/\/optimascripta.com.br\/?s={search_term_string}\"},\"query-input\":{\"@type\":\"PropertyValueSpecification\",\"valueRequired\":true,\"valueName\":\"search_term_string\"}}],\"inLanguage\":\"en-US\"},{\"@type\":\"Organization\",\"@id\":\"https:\/\/optimascripta.com.br\/#organization\",\"name\":\"Optima Scripta\",\"url\":\"https:\/\/optimascripta.com.br\/\",\"logo\":{\"@type\":\"ImageObject\",\"inLanguage\":\"en-US\",\"@id\":\"https:\/\/optimascripta.com.br\/#\/schema\/logo\/image\/\",\"url\":\"https:\/\/optimascripta.com.br\/wp-content\/uploads\/2025\/09\/OSLogo_Color-on-White.png\",\"contentUrl\":\"https:\/\/optimascripta.com.br\/wp-content\/uploads\/2025\/09\/OSLogo_Color-on-White.png\",\"width\":649,\"height\":917,\"caption\":\"Optima Scripta\"},\"image\":{\"@id\":\"https:\/\/optimascripta.com.br\/#\/schema\/logo\/image\/\"}}]}<\/script>\n<!-- \/ Yoast SEO plugin. -->","yoast_head_json":{"title":"(EN) Portfolio - Editor and Curator - Optima Scripta","robots":{"index":"index","follow":"follow","max-snippet":"max-snippet:-1","max-image-preview":"max-image-preview:large","max-video-preview":"max-video-preview:-1"},"canonical":"https:\/\/optimascripta.com.br\/index.php\/portfolio-editor-and-curator\/","og_locale":"en_US","og_type":"article","og_title":"(EN) Portfolio - Editor and Curator - Optima Scripta","og_description":"Here you&#8217;ll find my past works as editor and curator, divided into categories. To return to the main page, please click &#8220;Home&#8221; in the header. Portfolio &#8211; Editor and Curator Hist\u00f3rias Extraordin\u00e1rias (Magazine) Hist\u00f3rias Extraordin\u00e1rias is a magazine that resurrects the spirit of the Golden Age of Pulp Magazines (1940s\u20131960s), delivering a potent dose of [&hellip;]","og_url":"https:\/\/optimascripta.com.br\/index.php\/portfolio-editor-and-curator\/","og_site_name":"Optima Scripta","article_modified_time":"2025-11-14T19:46:38+00:00","twitter_card":"summary_large_image","twitter_misc":{"Est. reading time":"1 minute"},"schema":{"@context":"https:\/\/schema.org","@graph":[{"@type":"WebPage","@id":"https:\/\/optimascripta.com.br\/index.php\/portfolio-editor-and-curator\/","url":"https:\/\/optimascripta.com.br\/index.php\/portfolio-editor-and-curator\/","name":"(EN) Portfolio - Editor and Curator - Optima Scripta","isPartOf":{"@id":"https:\/\/optimascripta.com.br\/#website"},"primaryImageOfPage":{"@id":"https:\/\/optimascripta.com.br\/index.php\/portfolio-editor-and-curator\/#primaryimage"},"image":{"@id":"https:\/\/optimascripta.com.br\/index.php\/portfolio-editor-and-curator\/#primaryimage"},"thumbnailUrl":"https:\/\/optimascripta.com.br\/wp-content\/uploads\/2025\/11\/HE10_capa_72dpi.png","datePublished":"2025-10-01T22:23:21+00:00","dateModified":"2025-11-14T19:46:38+00:00","breadcrumb":{"@id":"https:\/\/optimascripta.com.br\/index.php\/portfolio-editor-and-curator\/#breadcrumb"},"inLanguage":"en-US","potentialAction":[{"@type":"ReadAction","target":["https:\/\/optimascripta.com.br\/index.php\/portfolio-editor-and-curator\/"]}]},{"@type":"ImageObject","inLanguage":"en-US","@id":"https:\/\/optimascripta.com.br\/index.php\/portfolio-editor-and-curator\/#primaryimage","url":"https:\/\/optimascripta.com.br\/wp-content\/uploads\/2025\/11\/HE10_capa_72dpi.png","contentUrl":"https:\/\/optimascripta.com.br\/wp-content\/uploads\/2025\/11\/HE10_capa_72dpi.png","width":624,"height":822},{"@type":"BreadcrumbList","@id":"https:\/\/optimascripta.com.br\/index.php\/portfolio-editor-and-curator\/#breadcrumb","itemListElement":[{"@type":"ListItem","position":1,"name":"Home","item":"https:\/\/optimascripta.com.br\/"},{"@type":"ListItem","position":2,"name":"Portfolio &#8211; Editor and Curator"}]},{"@type":"WebSite","@id":"https:\/\/optimascripta.com.br\/#website","url":"https:\/\/optimascripta.com.br\/","name":"Optima Scripta","description":"","publisher":{"@id":"https:\/\/optimascripta.com.br\/#organization"},"potentialAction":[{"@type":"SearchAction","target":{"@type":"EntryPoint","urlTemplate":"https:\/\/optimascripta.com.br\/?s={search_term_string}"},"query-input":{"@type":"PropertyValueSpecification","valueRequired":true,"valueName":"search_term_string"}}],"inLanguage":"en-US"},{"@type":"Organization","@id":"https:\/\/optimascripta.com.br\/#organization","name":"Optima Scripta","url":"https:\/\/optimascripta.com.br\/","logo":{"@type":"ImageObject","inLanguage":"en-US","@id":"https:\/\/optimascripta.com.br\/#\/schema\/logo\/image\/","url":"https:\/\/optimascripta.com.br\/wp-content\/uploads\/2025\/09\/OSLogo_Color-on-White.png","contentUrl":"https:\/\/optimascripta.com.br\/wp-content\/uploads\/2025\/09\/OSLogo_Color-on-White.png","width":649,"height":917,"caption":"Optima Scripta"},"image":{"@id":"https:\/\/optimascripta.com.br\/#\/schema\/logo\/image\/"}}]}},"_links":{"self":[{"href":"https:\/\/optimascripta.com.br\/index.php\/wp-json\/wp\/v2\/pages\/192","targetHints":{"allow":["GET"]}}],"collection":[{"href":"https:\/\/optimascripta.com.br\/index.php\/wp-json\/wp\/v2\/pages"}],"about":[{"href":"https:\/\/optimascripta.com.br\/index.php\/wp-json\/wp\/v2\/types\/page"}],"author":[{"embeddable":true,"href":"https:\/\/optimascripta.com.br\/index.php\/wp-json\/wp\/v2\/users\/1"}],"replies":[{"embeddable":true,"href":"https:\/\/optimascripta.com.br\/index.php\/wp-json\/wp\/v2\/comments?post=192"}],"version-history":[{"count":18,"href":"https:\/\/optimascripta.com.br\/index.php\/wp-json\/wp\/v2\/pages\/192\/revisions"}],"predecessor-version":[{"id":737,"href":"https:\/\/optimascripta.com.br\/index.php\/wp-json\/wp\/v2\/pages\/192\/revisions\/737"}],"up":[{"embeddable":true,"href":"https:\/\/optimascripta.com.br\/index.php\/wp-json\/wp\/v2\/pages\/28"}],"wp:attachment":[{"href":"https:\/\/optimascripta.com.br\/index.php\/wp-json\/wp\/v2\/media?parent=192"}],"curies":[{"name":"wp","href":"https:\/\/api.w.org\/{rel}","templated":true}]}}