{"id":513,"date":"2025-11-07T01:43:14","date_gmt":"2025-11-07T01:43:14","guid":{"rendered":"http:\/\/optima-scripta.local\/?page_id=513"},"modified":"2025-11-14T19:42:25","modified_gmt":"2025-11-14T19:42:25","slug":"br-editor-e-curador","status":"publish","type":"page","link":"https:\/\/optimascripta.com.br\/index.php\/br-servicos-profissionais-em-linguagens\/br-editor-e-curador\/","title":{"rendered":"(BR) Portfolio &#8211; Editor e Curador"},"content":{"rendered":"\n<h1 class=\"wp-block-heading\">Portfolio &#8211; Editor e Curador<\/h1>\n\n\n\n<hr class=\"wp-block-separator has-alpha-channel-opacity\"\/>\n\n\n\n<h2 class=\"wp-block-heading\"><a href=\"https:\/\/loja.uiclap.com\/titulo\/ua122496\/\" target=\"_blank\" rel=\"noreferrer noopener\">Hist\u00f3rias Extraordin\u00e1rias <\/a>(Editora Mundo\/Dicotomia Editorial, 2020-2025)<\/h2>\n\n\n\n<div class=\"wp-block-group has-global-padding is-layout-constrained wp-block-group-is-layout-constrained\">\n<div class=\"wp-block-columns is-layout-flex wp-container-core-columns-is-layout-28f84493 wp-block-columns-is-layout-flex\">\n<div class=\"wp-block-column is-layout-flow wp-block-column-is-layout-flow\" style=\"flex-basis:200px\">\n<figure class=\"wp-block-image aligncenter size-full is-resized has-custom-border\"><a href=\"https:\/\/loja.uiclap.com\/titulo\/ua122496\/\" target=\"_blank\" rel=\" noreferrer noopener\"><img loading=\"lazy\" decoding=\"async\" width=\"624\" height=\"822\" src=\"https:\/\/optimascripta.com.br\/wp-content\/uploads\/2025\/11\/HE10_capa_72dpi.png\" alt=\"\" class=\"wp-image-559\" style=\"border-style:none;border-width:0px;width:161px;height:auto\" srcset=\"https:\/\/optimascripta.com.br\/wp-content\/uploads\/2025\/11\/HE10_capa_72dpi.png 624w, https:\/\/optimascripta.com.br\/wp-content\/uploads\/2025\/11\/HE10_capa_72dpi-228x300.png 228w\" sizes=\"auto, (max-width: 624px) 100vw, 624px\" \/><\/a><\/figure>\n<\/div>\n\n\n\n<div class=\"wp-block-column is-layout-flow wp-block-column-is-layout-flow\">\n<ul class=\"wp-block-list\">\n<li>Co-editor desde o n\u00ba3 (Agosto\/2021)\n<ul class=\"wp-block-list\">\n<li>Sele\u00e7\u00e3o de material, entrevistas e revis\u00e3o.<\/li>\n<\/ul>\n<\/li>\n\n\n\n<li>Editor desde o n\u00ba10 (Outubro\/2025)\n<ul class=\"wp-block-list\">\n<li>Sele\u00e7\u00e3o de material, revis\u00e3o, diagrama\u00e7\u00e3o e publica\u00e7\u00e3o.<\/li>\n<\/ul>\n<\/li>\n<\/ul>\n<\/div>\n<\/div>\n\n\n\n<p>Hist\u00f3rias Extraordin\u00e1rias&#8221; \u00e9 uma revista que homenageia o esp\u00edrito da Era de Ouro das revistas &#8220;pulp&#8221; (anos 40~60), entregando uma dose potente de emo\u00e7\u00f5es e horror. Ela cont\u00e9m contos in\u00e9ditos que abrangem tr\u00eas dos g\u00eaneros mais cativantes: Fic\u00e7\u00e3o Cient\u00edfica, Horror C\u00f3smico e Sobrenatural. Al\u00e9m disso, a revista inclui entrevistas, artigos cient\u00edficos e recomenda\u00e7\u00f5es selecionadas.<\/p>\n\n\n\n<div class=\"wp-block-columns are-vertically-aligned-center is-layout-flex wp-container-core-columns-is-layout-e5e61006 wp-block-columns-is-layout-flex\" style=\"padding-top:var(--wp--preset--spacing--20);padding-right:0;padding-bottom:var(--wp--preset--spacing--20);padding-left:0\">\n<div class=\"wp-block-column is-vertically-aligned-center is-layout-flow wp-block-column-is-layout-flow\">\n<figure class=\"wp-block-image aligncenter size-full is-resized\"><img loading=\"lazy\" decoding=\"async\" width=\"500\" height=\"306\" src=\"https:\/\/optimascripta.com.br\/wp-content\/uploads\/2025\/10\/HE1-3.png\" alt=\"\" class=\"wp-image-435\" style=\"width:200px\" srcset=\"https:\/\/optimascripta.com.br\/wp-content\/uploads\/2025\/10\/HE1-3.png 500w, https:\/\/optimascripta.com.br\/wp-content\/uploads\/2025\/10\/HE1-3-300x184.png 300w\" sizes=\"auto, (max-width: 500px) 100vw, 500px\" \/><\/figure>\n<\/div>\n\n\n\n<div class=\"wp-block-column is-vertically-aligned-center is-layout-flow wp-block-column-is-layout-flow\">\n<figure class=\"wp-block-image aligncenter size-full is-resized\"><img loading=\"lazy\" decoding=\"async\" width=\"500\" height=\"306\" src=\"https:\/\/optimascripta.com.br\/wp-content\/uploads\/2025\/10\/HE4-6.png\" alt=\"\" class=\"wp-image-436\" style=\"width:200px\" srcset=\"https:\/\/optimascripta.com.br\/wp-content\/uploads\/2025\/10\/HE4-6.png 500w, https:\/\/optimascripta.com.br\/wp-content\/uploads\/2025\/10\/HE4-6-300x184.png 300w\" sizes=\"auto, (max-width: 500px) 100vw, 500px\" \/><\/figure>\n<\/div>\n\n\n\n<div class=\"wp-block-column is-vertically-aligned-center is-layout-flow wp-block-column-is-layout-flow\">\n<figure class=\"wp-block-image aligncenter size-full is-resized\"><img loading=\"lazy\" decoding=\"async\" width=\"500\" height=\"307\" src=\"https:\/\/optimascripta.com.br\/wp-content\/uploads\/2025\/10\/HE7-9.png\" alt=\"\" class=\"wp-image-437\" style=\"width:200px\" srcset=\"https:\/\/optimascripta.com.br\/wp-content\/uploads\/2025\/10\/HE7-9.png 500w, https:\/\/optimascripta.com.br\/wp-content\/uploads\/2025\/10\/HE7-9-300x184.png 300w\" sizes=\"auto, (max-width: 500px) 100vw, 500px\" \/><\/figure>\n<\/div>\n<\/div>\n<\/div>\n\n\n\n<hr class=\"wp-block-separator has-alpha-channel-opacity\"\/>\n\n\n\n<h2 class=\"wp-block-heading\"><a href=\"https:\/\/loja.uiclap.com\/titulo\/ua93089\/\" target=\"_blank\" rel=\"noreferrer noopener\">Fronteiras Siderais<\/a> &#8211; Colet\u00e2nea (Editora Mundo, 2025)<\/h2>\n\n\n\n<div class=\"wp-block-group has-global-padding is-layout-constrained wp-block-group-is-layout-constrained\">\n<div class=\"wp-block-columns is-layout-flex wp-container-core-columns-is-layout-28f84493 wp-block-columns-is-layout-flex\">\n<div class=\"wp-block-column is-layout-flow wp-block-column-is-layout-flow\" style=\"flex-basis:200px\">\n<figure class=\"wp-block-image aligncenter size-full is-resized has-custom-border\"><a href=\"https:\/\/loja.uiclap.com\/titulo\/ua93089\/\" target=\"_blank\" rel=\" noreferrer noopener\"><img loading=\"lazy\" decoding=\"async\" width=\"535\" height=\"798\" src=\"https:\/\/optimascripta.com.br\/wp-content\/uploads\/2025\/10\/Fronteiras-Siderais.png\" alt=\"\" class=\"has-border-color has-contrast-border-color wp-image-432\" style=\"border-width:1px;width:160px\" srcset=\"https:\/\/optimascripta.com.br\/wp-content\/uploads\/2025\/10\/Fronteiras-Siderais.png 535w, https:\/\/optimascripta.com.br\/wp-content\/uploads\/2025\/10\/Fronteiras-Siderais-201x300.png 201w\" sizes=\"auto, (max-width: 535px) 100vw, 535px\" \/><\/a><\/figure>\n<\/div>\n\n\n\n<div class=\"wp-block-column is-layout-flow wp-block-column-is-layout-flow\">\n<ul class=\"wp-block-list\">\n<li>Como coeditor, desempenhei os seguintes pap\u00e9is:\n<ul class=\"wp-block-list\">\n<li>Curadoria\/Sele\u00e7\u00e3o de material<\/li>\n\n\n\n<li>Revis\u00e3o<\/li>\n\n\n\n<li>Diagrama\u00e7\u00e3o \/ Gera\u00e7\u00e3o das Ilustra\u00e7\u00f5es<\/li>\n\n\n\n<li>Publica\u00e7\u00e3o<\/li>\n<\/ul>\n<\/li>\n<\/ul>\n<\/div>\n<\/div>\n\n\n\n<p><strong>Fronteiras Siderais<\/strong> \u00e9 uma antologia poderosa de Space Opera (\u00d3pera Espacial) que apresenta 10 contos \u00e9picos, selecionados a partir de mais de 50 submiss\u00f5es. Este volume exibe o que h\u00e1 de melhor na fic\u00e7\u00e3o cient\u00edfica brasileira, incluindo trabalhos de autores premiados ao lado de novas e brilhantes vozes estreantes em 348 p\u00e1ginas de emocionante a\u00e7\u00e3o espacial.<\/p>\n\n\n\n<p><\/p>\n\n\n\n<hr class=\"wp-block-separator has-alpha-channel-opacity\"\/>\n\n\n\n<h2 class=\"wp-block-heading\"><a href=\"https:\/\/loja.uiclap.com\/titulo\/ua109143\/\" target=\"_blank\" rel=\"noreferrer noopener\">Sussurros C\u00f3smicos<\/a> &#8211; Colet\u00e2nea (Editora Mundo, 2025)<\/h2>\n<\/div>\n\n\n\n<div class=\"wp-block-group has-global-padding is-layout-constrained wp-block-group-is-layout-constrained\">\n<div class=\"wp-block-columns is-layout-flex wp-container-core-columns-is-layout-28f84493 wp-block-columns-is-layout-flex\">\n<div class=\"wp-block-column is-layout-flow wp-block-column-is-layout-flow\" style=\"flex-basis:200px\">\n<figure class=\"wp-block-image aligncenter size-full is-resized has-custom-border\"><a href=\"https:\/\/loja.uiclap.com\/titulo\/ua109143\/\" target=\"_blank\" rel=\" noreferrer noopener\"><img loading=\"lazy\" decoding=\"async\" width=\"521\" height=\"798\" src=\"https:\/\/optimascripta.com.br\/wp-content\/uploads\/2025\/10\/Sussurros-Cosmicos.png\" alt=\"\" class=\"has-border-color has-contrast-border-color wp-image-431\" style=\"border-width:1px;width:160px\" srcset=\"https:\/\/optimascripta.com.br\/wp-content\/uploads\/2025\/10\/Sussurros-Cosmicos.png 521w, https:\/\/optimascripta.com.br\/wp-content\/uploads\/2025\/10\/Sussurros-Cosmicos-196x300.png 196w\" sizes=\"auto, (max-width: 521px) 100vw, 521px\" \/><\/a><\/figure>\n<\/div>\n\n\n\n<div class=\"wp-block-column is-layout-flow wp-block-column-is-layout-flow\">\n<ul class=\"wp-block-list\">\n<li>Como coeditor, desempenhei os seguintes pap\u00e9is::\n<ul class=\"wp-block-list\">\n<li>Curadoria\/Sele\u00e7\u00e3o de material<\/li>\n\n\n\n<li>Revis\u00e3o<\/li>\n\n\n\n<li>Diagrama\u00e7\u00e3o \/ Gera\u00e7\u00e3o das Ilustra\u00e7\u00f5es<\/li>\n\n\n\n<li>Publica\u00e7\u00e3o<\/li>\n<\/ul>\n<\/li>\n<\/ul>\n<\/div>\n<\/div>\n\n\n\n<p><strong>Sussurros C\u00f3smicos<\/strong> \u00e9 uma antologia aterrorizante de Horror C\u00f3smico que apresenta 10 contos perturbadores, selecionados a partir de mais de 60 submiss\u00f5es. Este volume mergulha no verdadeiro significado do pavor existencial, exibindo o que h\u00e1 de melhor na fic\u00e7\u00e3o de horror brasileira, apresentando trabalhos de autores premiados e de novos e brilhantes autores em uma cole\u00e7\u00e3o de hist\u00f3rias com 210 p\u00e1ginas de pavor c\u00f3smico absoluto.<\/p>\n<\/div>\n\n\n\n<hr class=\"wp-block-separator has-alpha-channel-opacity\"\/>\n\n\n\n<h2 class=\"wp-block-heading\">Revis\u00e3o (Ingl\u00eas) &#8211; Revista <a href=\"https:\/\/www.clubemsx.com.br\/\" target=\"_blank\" rel=\"noreferrer noopener\">Clube MSX <\/a><\/h2>\n\n\n\n<div class=\"wp-block-group has-global-padding is-layout-constrained wp-block-group-is-layout-constrained\">\n<div class=\"wp-block-columns is-layout-flex wp-container-core-columns-is-layout-28f84493 wp-block-columns-is-layout-flex\">\n<div class=\"wp-block-column is-layout-flow wp-block-column-is-layout-flow\" style=\"flex-basis:200px\">\n<figure class=\"wp-block-gallery has-nested-images columns-default is-cropped wp-block-gallery-1 is-layout-flex wp-block-gallery-is-layout-flex\">\n<figure class=\"wp-block-image size-large\"><a href=\"https:\/\/www.clubemsx.com.br\/product\/revista-clube-msx-14-en\/\" target=\"_blank\" rel=\" noreferrer noopener\"><img loading=\"lazy\" decoding=\"async\" width=\"764\" height=\"1024\" data-id=\"560\" src=\"https:\/\/optimascripta.com.br\/wp-content\/uploads\/2025\/11\/CM14-764x1024.png\" alt=\"\" class=\"wp-image-560\" srcset=\"https:\/\/optimascripta.com.br\/wp-content\/uploads\/2025\/11\/CM14-764x1024.png 764w, https:\/\/optimascripta.com.br\/wp-content\/uploads\/2025\/11\/CM14-224x300.png 224w, https:\/\/optimascripta.com.br\/wp-content\/uploads\/2025\/11\/CM14-768x1030.png 768w, https:\/\/optimascripta.com.br\/wp-content\/uploads\/2025\/11\/CM14.png 775w\" sizes=\"auto, (max-width: 764px) 100vw, 764px\" \/><\/a><\/figure>\n\n\n\n<figure class=\"wp-block-image size-large\"><a href=\"https:\/\/www.clubemsx.com.br\/product\/revista-clube-msx-15-en\/\" target=\"_blank\" rel=\" noreferrer noopener\"><img loading=\"lazy\" decoding=\"async\" width=\"764\" height=\"1024\" data-id=\"561\" src=\"https:\/\/optimascripta.com.br\/wp-content\/uploads\/2025\/11\/CM15-764x1024.png\" alt=\"\" class=\"wp-image-561\" srcset=\"https:\/\/optimascripta.com.br\/wp-content\/uploads\/2025\/11\/CM15-764x1024.png 764w, https:\/\/optimascripta.com.br\/wp-content\/uploads\/2025\/11\/CM15-224x300.png 224w, https:\/\/optimascripta.com.br\/wp-content\/uploads\/2025\/11\/CM15-768x1030.png 768w, https:\/\/optimascripta.com.br\/wp-content\/uploads\/2025\/11\/CM15.png 775w\" sizes=\"auto, (max-width: 764px) 100vw, 764px\" \/><\/a><\/figure>\n\n\n\n<figure class=\"wp-block-image size-large\"><a href=\"https:\/\/www.clubemsx.com.br\/product\/revista-clube-msx-16-en\/\" target=\"_blank\" rel=\" noreferrer noopener\"><img loading=\"lazy\" decoding=\"async\" width=\"764\" height=\"1024\" data-id=\"562\" src=\"https:\/\/optimascripta.com.br\/wp-content\/uploads\/2025\/11\/CM16-764x1024.png\" alt=\"\" class=\"wp-image-562\" srcset=\"https:\/\/optimascripta.com.br\/wp-content\/uploads\/2025\/11\/CM16-764x1024.png 764w, https:\/\/optimascripta.com.br\/wp-content\/uploads\/2025\/11\/CM16-224x300.png 224w, https:\/\/optimascripta.com.br\/wp-content\/uploads\/2025\/11\/CM16-768x1030.png 768w, https:\/\/optimascripta.com.br\/wp-content\/uploads\/2025\/11\/CM16.png 775w\" sizes=\"auto, (max-width: 764px) 100vw, 764px\" \/><\/a><\/figure>\n\n\n\n<figure class=\"wp-block-image size-large\"><a href=\"https:\/\/www.clubemsx.com.br\/product\/revista-clube-msx-17-ingles\/\" target=\"_blank\" rel=\" noreferrer noopener\"><img loading=\"lazy\" decoding=\"async\" width=\"764\" height=\"1024\" data-id=\"563\" src=\"https:\/\/optimascripta.com.br\/wp-content\/uploads\/2025\/11\/CM17-764x1024.png\" alt=\"\" class=\"wp-image-563\" srcset=\"https:\/\/optimascripta.com.br\/wp-content\/uploads\/2025\/11\/CM17-764x1024.png 764w, https:\/\/optimascripta.com.br\/wp-content\/uploads\/2025\/11\/CM17-224x300.png 224w, https:\/\/optimascripta.com.br\/wp-content\/uploads\/2025\/11\/CM17-768x1030.png 768w, https:\/\/optimascripta.com.br\/wp-content\/uploads\/2025\/11\/CM17.png 775w\" sizes=\"auto, (max-width: 764px) 100vw, 764px\" \/><\/a><\/figure>\n\n\n\n<figure class=\"wp-block-image size-large\"><a href=\"https:\/\/www.clubemsx.com.br\/product\/revista-clube-msx-no-18-ingles\/\" target=\"_blank\" rel=\" noreferrer noopener\"><img loading=\"lazy\" decoding=\"async\" width=\"764\" height=\"1024\" data-id=\"564\" src=\"https:\/\/optimascripta.com.br\/wp-content\/uploads\/2025\/11\/CM18-764x1024.png\" alt=\"\" class=\"wp-image-564\" srcset=\"https:\/\/optimascripta.com.br\/wp-content\/uploads\/2025\/11\/CM18-764x1024.png 764w, https:\/\/optimascripta.com.br\/wp-content\/uploads\/2025\/11\/CM18-224x300.png 224w, https:\/\/optimascripta.com.br\/wp-content\/uploads\/2025\/11\/CM18-768x1030.png 768w, https:\/\/optimascripta.com.br\/wp-content\/uploads\/2025\/11\/CM18.png 775w\" sizes=\"auto, (max-width: 764px) 100vw, 764px\" \/><\/a><\/figure>\n<\/figure>\n<\/div>\n\n\n\n<div class=\"wp-block-column is-layout-flow wp-block-column-is-layout-flow\">\n<p>Tenho realizado a revis\u00e3o de todas as edi\u00e7\u00f5es em ingl\u00eas da revista <strong>Clube MSX <\/strong>desde o n\u00famero 14 (Set\/Dez 2021).<\/p>\n\n\n\n<p><strong>Clube MSX<\/strong> \u00e9 uma revista impressa brasileira dedicada ao padr\u00e3o MSX de microcomputadores. Voltada para colecionadores e entusiastas da plataforma, a revista fala sobre itens da \u00e9poca, mas principalmente cobre os lan\u00e7amentos atuais, tendo uma linha editorial bem equilibrada entre o novo e o nost\u00e1lgico.<\/p>\n<\/div>\n<\/div>\n<\/div>\n\n\n\n<div style=\"height:100px\" aria-hidden=\"true\" class=\"wp-block-spacer\"><\/div>\n","protected":false},"excerpt":{"rendered":"<p>Portfolio &#8211; Editor e Curador Hist\u00f3rias Extraordin\u00e1rias (Editora Mundo\/Dicotomia Editorial, 2020-2025) Hist\u00f3rias Extraordin\u00e1rias&#8221; \u00e9 uma revista que homenageia o esp\u00edrito da Era de Ouro das revistas &#8220;pulp&#8221; (anos 40~60), entregando uma dose potente de emo\u00e7\u00f5es e horror. Ela cont\u00e9m contos in\u00e9ditos que abrangem tr\u00eas dos g\u00eaneros mais cativantes: Fic\u00e7\u00e3o Cient\u00edfica, Horror C\u00f3smico e Sobrenatural. Al\u00e9m [&hellip;]<\/p>\n","protected":false},"author":1,"featured_media":0,"parent":465,"menu_order":0,"comment_status":"closed","ping_status":"closed","template":"wp-custom-template-br-pages","meta":{"footnotes":""},"class_list":["post-513","page","type-page","status-publish","hentry"],"yoast_head":"<!-- This site is optimized with the Yoast SEO plugin v26.6 - https:\/\/yoast.com\/wordpress\/plugins\/seo\/ -->\n<title>(BR) Portfolio - Editor e Curador - Optima Scripta<\/title>\n<meta name=\"robots\" content=\"index, follow, max-snippet:-1, max-image-preview:large, max-video-preview:-1\" \/>\n<link rel=\"canonical\" href=\"https:\/\/optimascripta.com.br\/index.php\/br-servicos-profissionais-em-linguagens\/br-editor-e-curador\/\" \/>\n<meta property=\"og:locale\" content=\"en_US\" \/>\n<meta property=\"og:type\" content=\"article\" \/>\n<meta property=\"og:title\" content=\"(BR) Portfolio - Editor e Curador - Optima Scripta\" \/>\n<meta property=\"og:description\" content=\"Portfolio &#8211; Editor e Curador Hist\u00f3rias Extraordin\u00e1rias (Editora Mundo\/Dicotomia Editorial, 2020-2025) Hist\u00f3rias Extraordin\u00e1rias&#8221; \u00e9 uma revista que homenageia o esp\u00edrito da Era de Ouro das revistas &#8220;pulp&#8221; (anos 40~60), entregando uma dose potente de emo\u00e7\u00f5es e horror. Ela cont\u00e9m contos in\u00e9ditos que abrangem tr\u00eas dos g\u00eaneros mais cativantes: Fic\u00e7\u00e3o Cient\u00edfica, Horror C\u00f3smico e Sobrenatural. Al\u00e9m [&hellip;]\" \/>\n<meta property=\"og:url\" content=\"https:\/\/optimascripta.com.br\/index.php\/br-servicos-profissionais-em-linguagens\/br-editor-e-curador\/\" \/>\n<meta property=\"og:site_name\" content=\"Optima Scripta\" \/>\n<meta property=\"article:modified_time\" content=\"2025-11-14T19:42:25+00:00\" \/>\n<meta property=\"og:image\" content=\"https:\/\/optimascripta.com.br\/wp-content\/uploads\/2025\/11\/HE10_capa_72dpi.png\" \/>\n<meta name=\"twitter:card\" content=\"summary_large_image\" \/>\n<meta name=\"twitter:label1\" content=\"Est. reading time\" \/>\n\t<meta name=\"twitter:data1\" content=\"4 minutes\" \/>\n<script type=\"application\/ld+json\" class=\"yoast-schema-graph\">{\"@context\":\"https:\/\/schema.org\",\"@graph\":[{\"@type\":\"WebPage\",\"@id\":\"https:\/\/optimascripta.com.br\/index.php\/br-servicos-profissionais-em-linguagens\/br-editor-e-curador\/\",\"url\":\"https:\/\/optimascripta.com.br\/index.php\/br-servicos-profissionais-em-linguagens\/br-editor-e-curador\/\",\"name\":\"(BR) Portfolio - Editor e Curador - Optima Scripta\",\"isPartOf\":{\"@id\":\"https:\/\/optimascripta.com.br\/#website\"},\"primaryImageOfPage\":{\"@id\":\"https:\/\/optimascripta.com.br\/index.php\/br-servicos-profissionais-em-linguagens\/br-editor-e-curador\/#primaryimage\"},\"image\":{\"@id\":\"https:\/\/optimascripta.com.br\/index.php\/br-servicos-profissionais-em-linguagens\/br-editor-e-curador\/#primaryimage\"},\"thumbnailUrl\":\"https:\/\/optimascripta.com.br\/wp-content\/uploads\/2025\/11\/HE10_capa_72dpi.png\",\"datePublished\":\"2025-11-07T01:43:14+00:00\",\"dateModified\":\"2025-11-14T19:42:25+00:00\",\"breadcrumb\":{\"@id\":\"https:\/\/optimascripta.com.br\/index.php\/br-servicos-profissionais-em-linguagens\/br-editor-e-curador\/#breadcrumb\"},\"inLanguage\":\"en-US\",\"potentialAction\":[{\"@type\":\"ReadAction\",\"target\":[\"https:\/\/optimascripta.com.br\/index.php\/br-servicos-profissionais-em-linguagens\/br-editor-e-curador\/\"]}]},{\"@type\":\"ImageObject\",\"inLanguage\":\"en-US\",\"@id\":\"https:\/\/optimascripta.com.br\/index.php\/br-servicos-profissionais-em-linguagens\/br-editor-e-curador\/#primaryimage\",\"url\":\"https:\/\/optimascripta.com.br\/wp-content\/uploads\/2025\/11\/HE10_capa_72dpi.png\",\"contentUrl\":\"https:\/\/optimascripta.com.br\/wp-content\/uploads\/2025\/11\/HE10_capa_72dpi.png\",\"width\":624,\"height\":822},{\"@type\":\"BreadcrumbList\",\"@id\":\"https:\/\/optimascripta.com.br\/index.php\/br-servicos-profissionais-em-linguagens\/br-editor-e-curador\/#breadcrumb\",\"itemListElement\":[{\"@type\":\"ListItem\",\"position\":1,\"name\":\"Home\",\"item\":\"https:\/\/optimascripta.com.br\/\"},{\"@type\":\"ListItem\",\"position\":2,\"name\":\"(BR) Servi\u00e7os Profissionais em Linguagens\",\"item\":\"https:\/\/optimascripta.com.br\/index.php\/br-servicos-profissionais-em-linguagens\/\"},{\"@type\":\"ListItem\",\"position\":3,\"name\":\"(BR) Portfolio &#8211; Editor e Curador\"}]},{\"@type\":\"WebSite\",\"@id\":\"https:\/\/optimascripta.com.br\/#website\",\"url\":\"https:\/\/optimascripta.com.br\/\",\"name\":\"Optima Scripta\",\"description\":\"\",\"publisher\":{\"@id\":\"https:\/\/optimascripta.com.br\/#organization\"},\"potentialAction\":[{\"@type\":\"SearchAction\",\"target\":{\"@type\":\"EntryPoint\",\"urlTemplate\":\"https:\/\/optimascripta.com.br\/?s={search_term_string}\"},\"query-input\":{\"@type\":\"PropertyValueSpecification\",\"valueRequired\":true,\"valueName\":\"search_term_string\"}}],\"inLanguage\":\"en-US\"},{\"@type\":\"Organization\",\"@id\":\"https:\/\/optimascripta.com.br\/#organization\",\"name\":\"Optima Scripta\",\"url\":\"https:\/\/optimascripta.com.br\/\",\"logo\":{\"@type\":\"ImageObject\",\"inLanguage\":\"en-US\",\"@id\":\"https:\/\/optimascripta.com.br\/#\/schema\/logo\/image\/\",\"url\":\"https:\/\/optimascripta.com.br\/wp-content\/uploads\/2025\/09\/OSLogo_Color-on-White.png\",\"contentUrl\":\"https:\/\/optimascripta.com.br\/wp-content\/uploads\/2025\/09\/OSLogo_Color-on-White.png\",\"width\":649,\"height\":917,\"caption\":\"Optima Scripta\"},\"image\":{\"@id\":\"https:\/\/optimascripta.com.br\/#\/schema\/logo\/image\/\"}}]}<\/script>\n<!-- \/ Yoast SEO plugin. -->","yoast_head_json":{"title":"(BR) Portfolio - Editor e Curador - Optima Scripta","robots":{"index":"index","follow":"follow","max-snippet":"max-snippet:-1","max-image-preview":"max-image-preview:large","max-video-preview":"max-video-preview:-1"},"canonical":"https:\/\/optimascripta.com.br\/index.php\/br-servicos-profissionais-em-linguagens\/br-editor-e-curador\/","og_locale":"en_US","og_type":"article","og_title":"(BR) Portfolio - Editor e Curador - Optima Scripta","og_description":"Portfolio &#8211; Editor e Curador Hist\u00f3rias Extraordin\u00e1rias (Editora Mundo\/Dicotomia Editorial, 2020-2025) Hist\u00f3rias Extraordin\u00e1rias&#8221; \u00e9 uma revista que homenageia o esp\u00edrito da Era de Ouro das revistas &#8220;pulp&#8221; (anos 40~60), entregando uma dose potente de emo\u00e7\u00f5es e horror. Ela cont\u00e9m contos in\u00e9ditos que abrangem tr\u00eas dos g\u00eaneros mais cativantes: Fic\u00e7\u00e3o Cient\u00edfica, Horror C\u00f3smico e Sobrenatural. Al\u00e9m [&hellip;]","og_url":"https:\/\/optimascripta.com.br\/index.php\/br-servicos-profissionais-em-linguagens\/br-editor-e-curador\/","og_site_name":"Optima Scripta","article_modified_time":"2025-11-14T19:42:25+00:00","og_image":[{"url":"https:\/\/optimascripta.com.br\/wp-content\/uploads\/2025\/11\/HE10_capa_72dpi.png","type":"","width":"","height":""}],"twitter_card":"summary_large_image","twitter_misc":{"Est. reading time":"4 minutes"},"schema":{"@context":"https:\/\/schema.org","@graph":[{"@type":"WebPage","@id":"https:\/\/optimascripta.com.br\/index.php\/br-servicos-profissionais-em-linguagens\/br-editor-e-curador\/","url":"https:\/\/optimascripta.com.br\/index.php\/br-servicos-profissionais-em-linguagens\/br-editor-e-curador\/","name":"(BR) Portfolio - Editor e Curador - Optima Scripta","isPartOf":{"@id":"https:\/\/optimascripta.com.br\/#website"},"primaryImageOfPage":{"@id":"https:\/\/optimascripta.com.br\/index.php\/br-servicos-profissionais-em-linguagens\/br-editor-e-curador\/#primaryimage"},"image":{"@id":"https:\/\/optimascripta.com.br\/index.php\/br-servicos-profissionais-em-linguagens\/br-editor-e-curador\/#primaryimage"},"thumbnailUrl":"https:\/\/optimascripta.com.br\/wp-content\/uploads\/2025\/11\/HE10_capa_72dpi.png","datePublished":"2025-11-07T01:43:14+00:00","dateModified":"2025-11-14T19:42:25+00:00","breadcrumb":{"@id":"https:\/\/optimascripta.com.br\/index.php\/br-servicos-profissionais-em-linguagens\/br-editor-e-curador\/#breadcrumb"},"inLanguage":"en-US","potentialAction":[{"@type":"ReadAction","target":["https:\/\/optimascripta.com.br\/index.php\/br-servicos-profissionais-em-linguagens\/br-editor-e-curador\/"]}]},{"@type":"ImageObject","inLanguage":"en-US","@id":"https:\/\/optimascripta.com.br\/index.php\/br-servicos-profissionais-em-linguagens\/br-editor-e-curador\/#primaryimage","url":"https:\/\/optimascripta.com.br\/wp-content\/uploads\/2025\/11\/HE10_capa_72dpi.png","contentUrl":"https:\/\/optimascripta.com.br\/wp-content\/uploads\/2025\/11\/HE10_capa_72dpi.png","width":624,"height":822},{"@type":"BreadcrumbList","@id":"https:\/\/optimascripta.com.br\/index.php\/br-servicos-profissionais-em-linguagens\/br-editor-e-curador\/#breadcrumb","itemListElement":[{"@type":"ListItem","position":1,"name":"Home","item":"https:\/\/optimascripta.com.br\/"},{"@type":"ListItem","position":2,"name":"(BR) Servi\u00e7os Profissionais em Linguagens","item":"https:\/\/optimascripta.com.br\/index.php\/br-servicos-profissionais-em-linguagens\/"},{"@type":"ListItem","position":3,"name":"(BR) Portfolio &#8211; Editor e Curador"}]},{"@type":"WebSite","@id":"https:\/\/optimascripta.com.br\/#website","url":"https:\/\/optimascripta.com.br\/","name":"Optima Scripta","description":"","publisher":{"@id":"https:\/\/optimascripta.com.br\/#organization"},"potentialAction":[{"@type":"SearchAction","target":{"@type":"EntryPoint","urlTemplate":"https:\/\/optimascripta.com.br\/?s={search_term_string}"},"query-input":{"@type":"PropertyValueSpecification","valueRequired":true,"valueName":"search_term_string"}}],"inLanguage":"en-US"},{"@type":"Organization","@id":"https:\/\/optimascripta.com.br\/#organization","name":"Optima Scripta","url":"https:\/\/optimascripta.com.br\/","logo":{"@type":"ImageObject","inLanguage":"en-US","@id":"https:\/\/optimascripta.com.br\/#\/schema\/logo\/image\/","url":"https:\/\/optimascripta.com.br\/wp-content\/uploads\/2025\/09\/OSLogo_Color-on-White.png","contentUrl":"https:\/\/optimascripta.com.br\/wp-content\/uploads\/2025\/09\/OSLogo_Color-on-White.png","width":649,"height":917,"caption":"Optima Scripta"},"image":{"@id":"https:\/\/optimascripta.com.br\/#\/schema\/logo\/image\/"}}]}},"_links":{"self":[{"href":"https:\/\/optimascripta.com.br\/index.php\/wp-json\/wp\/v2\/pages\/513","targetHints":{"allow":["GET"]}}],"collection":[{"href":"https:\/\/optimascripta.com.br\/index.php\/wp-json\/wp\/v2\/pages"}],"about":[{"href":"https:\/\/optimascripta.com.br\/index.php\/wp-json\/wp\/v2\/types\/page"}],"author":[{"embeddable":true,"href":"https:\/\/optimascripta.com.br\/index.php\/wp-json\/wp\/v2\/users\/1"}],"replies":[{"embeddable":true,"href":"https:\/\/optimascripta.com.br\/index.php\/wp-json\/wp\/v2\/comments?post=513"}],"version-history":[{"count":12,"href":"https:\/\/optimascripta.com.br\/index.php\/wp-json\/wp\/v2\/pages\/513\/revisions"}],"predecessor-version":[{"id":731,"href":"https:\/\/optimascripta.com.br\/index.php\/wp-json\/wp\/v2\/pages\/513\/revisions\/731"}],"up":[{"embeddable":true,"href":"https:\/\/optimascripta.com.br\/index.php\/wp-json\/wp\/v2\/pages\/465"}],"wp:attachment":[{"href":"https:\/\/optimascripta.com.br\/index.php\/wp-json\/wp\/v2\/media?parent=513"}],"curies":[{"name":"wp","href":"https:\/\/api.w.org\/{rel}","templated":true}]}}